{"id":27740,"date":"2019-09-20T18:22:26","date_gmt":"2019-09-20T16:22:26","guid":{"rendered":"https:\/\/www.cinod.fr\/technical-director-of-a-venue\/"},"modified":"2026-04-07T18:21:04","modified_gmt":"2026-04-07T16:21:04","slug":"technical-director-of-a-venue","status":"publish","type":"page","link":"https:\/\/www.cinod.fr\/en\/technical-director-of-a-venue\/","title":{"rendered":"Technical Director of a Venue"},"content":{"rendered":"<p>&nbsp;<\/p>\n<h1><strong><span style=\"color: #f1f1f1\"><a href=\"http:\/\/monplandescene.com\/vdb\/auth.php\" rel=\"nofollow noopener\" target=\"_blank\"><span style=\"color: #0c71c3\"><\/span><\/a><span style=\"color: #0c71c3\">Are you a venue manager or technical director? Would you like to be listed free of charge on Cinod?   <\/span><a href=\"https:\/\/www.cinod.fr\/lighteditor\/vdb\/auth.php\"><span style=\"color: #0c71c3\"><span style=\"color: #ff0000\">here<\/span><\/span><\/a><\/span><\/strong><\/h1>\n<p><strong>To recover your lost &#8220;Key (link)&#8221;, click on the previous link and fill in the form again, using the same e-mail address as when you registered: you&#8217;ll receive an e-mail with your key.<\/strong><\/p>\n<p>&nbsp;<\/p>\n<p class=\"p1\"><strong>Cinod makes accessible to all what once required complex and costly software such as AutoCAD VectorWorks &#8230;<\/strong><br \/><strong>Everything is done online, without installation or training,<\/strong> with professional visual rendering and precision comparable to DWG files.<br \/>Each room can propose its own interactive grill plan, equipment list and panoramic views, enabling guest technicians to prepare their lighting or sound set-ups in complete autonomy.<br \/>Projects are automatically filed, archived and shared: an intuitive platform, designed by and for stage managers, which transforms technical preparation into a collaborative, rapid and visual process.<\/p>\n<p class=\"p1\"><strong style=\"color: #0000ff\">Stage managers and technicians need to save time and avoid endless back-and-forth between plans, e-mails and DWG files. Imagine you&#8217;ve got 20 dates next month &#8230;.. <\/strong><\/p>\n<p class=\"p1\">With Cinod &#8211; or LightStagePlot<span class=\"Apple-converted-space\">  <\/span><strong>&#8211; everything is done in real time<\/strong>: <strong>the guest technician can adjust his plan directly on the grill in your room, and you can instantly visualize the result.<\/strong><\/p>\n<p class=\"p1\">In just a few clicks, he can import his existing plan, reposition the projectors, consult the list of available equipment, and view photos or 360\u00b0 viewsThe finalized plan is shared instantly with the team at the click of a button.<\/p>\n<p class=\"p1\">The result: smoother collaboration, fewer errors, and more efficient set-ups.<\/p>\n<p class=\"my-2 :mt-4 :inline-block :pb-2\"><span style=\"color: #008080\"><strong>Stay in control of your technical communication and gain in autonomy.<\/strong><\/span><\/p>\n<p class=\"my-2 :mt-4 :inline-block :pb-2\"><strong>With the free :<\/strong><\/p>\n<ul class=\"marker:text-quiet list-disc\">\n<li class=\"py-0 my-0 prose-p:pt-0 prose-p:mb-2 prose-p:my-0 :pt-0 :mb-2 :my-0\">\n<p class=\"my-2 :mt-4 :inline-block :pb-2\">Secure access to administration to modify your information.<\/p>\n<\/li>\n<li class=\"py-0 my-0 prose-p:pt-0 prose-p:mb-2 prose-p:my-0 :pt-0 :mb-2 :my-0\">\n<p class=\"my-2 :mt-4 :inline-block :pb-2\">Standardized form containing all the essential elements of a technical file.<\/p>\n<\/li>\n<li class=\"py-0 my-0 prose-p:pt-0 prose-p:mb-2 prose-p:my-0 :pt-0 :mb-2 :my-0\">\n<p class=\"my-2 :mt-4 :inline-block :pb-2\">Form available in English and French.<\/p>\n<\/li>\n<li class=\"py-0 my-0 prose-p:pt-0 prose-p:mb-2 prose-p:my-0 :pt-0 :mb-2 :my-0\">\n<p class=\"my-2 :mt-4 :inline-block :pb-2\">Upload 3 photos to present your location (annotation possible).<\/p>\n<\/li>\n<li class=\"py-0 my-0 prose-p:pt-0 prose-p:mb-2 prose-p:my-0 :pt-0 :mb-2 :my-0\">\n<p class=\"my-2 :mt-4 :inline-block :pb-2\">Access to the interactive grill plan to prepare or host a show: technicians can propose a layout and share it instantly (15 days free, or included for LightStagePlot subscribers).<\/p>\n<\/li>\n<\/ul>\n<p>&nbsp;<\/p>\n<p class=\"my-2 :mt-4 :inline-block :pb-2\"><strong>With the premium version (for 4 users) :<\/strong><\/p>\n<p class=\"my-2 :mt-4 :inline-block :pb-2\"><span style=\"color: #008080\">Access to the interactive grill plan to prepare or host a show: technicians can propose a layout and share it instantly. This service is included in the premium package for all users.<\/span><\/p>\n<ul class=\"marker:text-quiet list-disc\">\n<li class=\"py-0 my-0 prose-p:pt-0 prose-p:mb-2 prose-p:my-0 :pt-0 :mb-2 :my-0\">\n<p class=\"my-2 :mt-4 :inline-block :pb-2\"><strong>Cloud space<\/strong> to host your technical file online.<\/p>\n<\/li>\n<li class=\"py-0 my-0 prose-p:pt-0 prose-p:mb-2 prose-p:my-0 :pt-0 :mb-2 :my-0\">\n<p class=\"my-2 :mt-4 :inline-block :pb-2\">Password protection for certain elements, according to your preferences.<\/p>\n<\/li>\n<li class=\"py-0 my-0 prose-p:pt-0 prose-p:mb-2 prose-p:my-0 :pt-0 :mb-2 :my-0\">\n<p class=\"my-2 :mt-4 :inline-block :pb-2\">Add detailed photos to the form (up to 26 <strong>annotatable<\/strong> photos of access, parking, stages, dressing rooms, catering, etc.).<\/p>\n<\/li>\n<li class=\"py-0 my-0 prose-p:pt-0 prose-p:mb-2 prose-p:my-0 :pt-0 :mb-2 :my-0\">\n<p class=\"my-2 :mt-4 :inline-block :pb-2\">Online creation of your interactive virtual tour, combining photos and map navigation.<\/p>\n<\/li>\n<li class=\"py-0 my-0 prose-p:pt-0 prose-p:mb-2 prose-p:my-0 :pt-0 :mb-2 :my-0\">\n<p class=\"my-2 :mt-4 :inline-block :pb-2\">You can annotate (text or drawing) all photos posted online.<\/p>\n<\/li>\n<li class=\"py-0 my-0 prose-p:pt-0 prose-p:mb-2 prose-p:my-0 :pt-0 :mb-2 :my-0\">\n<p class=\"my-2 :mt-4 :inline-block :pb-2\">Int\u00e9gration de photos 360\u00b0 ou de plans\/photos interactifs 360\u00b0 (nous contacter pour plus de d\u00e9tails).<\/p>\n<\/li>\n<\/ul>\n<p class=\"my-2 :mt-4 :inline-block :pb-2\"><strong>Quick instructions:<\/strong><br \/>To upload a photo to the form, connect to your administration area (&#8220;secret link&#8221; or admin link) on your cell phone, then click on &#8220;send photo&#8221;: take the photo, validate it, and it will immediately be available to users. Find and annotate your photos on your computer if required. <\/p>\n<p class=\"my-2 :mt-4 :inline-block :pb-2\"><strong>Cinod is also:<\/strong><br \/>A collaborative sharing space for technicians: notes, standard documents (sound vision, wyziwyg, autocad&#8230;) and practical resources.<\/p>\n<pre><strong><span> <\/span><\/strong><\/pre>\n<h4><span style=\"font-size: 15px\"><strong>The form consists of 12 fields:<\/strong><\/span><\/h4>\n<p>Name of your space or room, if there are several in the same space &#8230; Address, Google map, telephone number, website and technical info page if available, 3 images to present your space, password to protect your information if necessary &#8230;\u00c2 <span style=\"color: #0c71c3\">a virtual technical tour\u00c2 with or without 360\u00b0 images in Premium version.<\/span> <\/p>\n<p>Name and email of technical manager, stage manager, (2) light technicians and (2) sound technicians<\/p>\n<p>Truck, Tour Bus and Artist parking <span style=\"color: #0c71c3\">with 2 Premium photos per section (6 in all)<\/span><\/p>\n<p>A list of your electrical cabinets, their position in the room and their capabilities<\/p>\n<p>Dimensions and gauges according to possible configurations<\/p>\n<p>Dimensions, depth, height under grill, opening etc&#8230; Convenient, hangers, carriers &#8230; <span style=\"color: #0c71c3\">and room for 2 photos in Premium version, annotatable photos<\/span><\/p>\n<p>Sound system, intercom, console, microphones, backline, can a system be hooked up, if so, height, weight and presence or absence of motors,<span style=\"color: #0c71c3\"> and Premium version 2 photos\u00c2 <\/span> <\/p>\n<p>Mat\u00e9riel disponible, possibilit\u00e9 de mettre en ligne son plan de grill avec possibilit\u00e9 pour vos futur utilisateurs de dessiner directement dessus et de les partager avec vous en un clic. <span style=\"color: #0c71c3\">2 more photos available in Premium version<\/span><\/p>\n<p>List of your screen and projector equipment<\/p>\n<p>Total number of showers available &#8230; size and description<span style=\"background-color: #ffffff;font-size: 15px\">of<\/span><span style=\"background-color: #ffffff;font-size: 15px\">dressing <\/span><span style=\"background-color: #ffffff;font-size: 15px\">rooms\u00c2<\/span><span style=\"font-size: 15px\">, <span style=\"color: #0c71c3\">4 photos in premium version<\/span><\/span><\/p>\n<p>Prod office (quantity), dimensions, equipment, 2 photos.<\/p>\n<p>\u00c2 Catering , equipment &#8230; 2 photos<\/p>\n<p>\u00c2 Laundry room<\/p>\n<p>&nbsp;<\/p>\n<p>Where to eat or sleep .<\/p>\n<p>upload your technical files<\/p>\n<h2><strong>Premium version<\/strong><\/h2>\n<h3>Take your Virtual Tour<\/h3>\n<p>1. import your plan, draw on it or draw it entirely, then set the scale<\/p>\n<p>&nbsp;<\/p>\n<p>3. import your photos and associate them with an arrow symbolizing your position at the time of shooting.<\/p>\n","protected":false},"excerpt":{"rendered":"<p>&nbsp; Are you a venue manager or technical director? Would you like to be listed free of charge on Cinod? here To recover your lost &#8220;Key (link)&#8221;, click on the previous link and fill in the form again, using the same e-mail address as when you registered: you&#8217;ll receive an e-mail with your key. &nbsp;Cinod makes accessible to all what once required complex and costly software such as AutoCAD VectorWorks &#8230;Everything is done online, without installation or training, with professional visual rendering and precision comparable to DWG files.Each room can propose its own interactive grill plan, equipment list and panoramic views, enabling guest technicians to prepare their lighting or sound set-ups in complete autonomy.Projects are automatically filed, archived and shared: an intuitive platform, designed by and for stage managers, which transforms technical preparation into a collaborative, rapid and visual process.Stage managers and technicians need to save time and avoid endless back-and-forth between plans, e-mails and DWG files. Imagine you&#8217;ve got 20 dates next month &#8230;.. With Cinod &#8211; or LightStagePlot &#8211; everything is done in real time: the guest technician can adjust his plan directly on the grill in your room, and you can instantly visualize the result. In just [&hellip;]<\/p>\n","protected":false},"author":78,"featured_media":0,"parent":0,"menu_order":0,"comment_status":"closed","ping_status":"closed","template":"","meta":{"_bbp_topic_count":0,"_bbp_reply_count":0,"_bbp_total_topic_count":0,"_bbp_total_reply_count":0,"_bbp_voice_count":0,"_bbp_anonymous_reply_count":0,"_bbp_topic_count_hidden":0,"_bbp_reply_count_hidden":0,"_bbp_forum_subforum_count":0,"_et_pb_use_builder":"on","_et_pb_old_content":"","_et_gb_content_width":"","footnotes":""},"class_list":["post-27740","page","type-page","status-publish","hentry"],"_links":{"self":[{"href":"https:\/\/www.cinod.fr\/en\/wp-json\/wp\/v2\/pages\/27740","targetHints":{"allow":["GET"]}}],"collection":[{"href":"https:\/\/www.cinod.fr\/en\/wp-json\/wp\/v2\/pages"}],"about":[{"href":"https:\/\/www.cinod.fr\/en\/wp-json\/wp\/v2\/types\/page"}],"author":[{"embeddable":true,"href":"https:\/\/www.cinod.fr\/en\/wp-json\/wp\/v2\/users\/78"}],"replies":[{"embeddable":true,"href":"https:\/\/www.cinod.fr\/en\/wp-json\/wp\/v2\/comments?post=27740"}],"version-history":[{"count":58,"href":"https:\/\/www.cinod.fr\/en\/wp-json\/wp\/v2\/pages\/27740\/revisions"}],"predecessor-version":[{"id":31170,"href":"https:\/\/www.cinod.fr\/en\/wp-json\/wp\/v2\/pages\/27740\/revisions\/31170"}],"wp:attachment":[{"href":"https:\/\/www.cinod.fr\/en\/wp-json\/wp\/v2\/media?parent=27740"}],"curies":[{"name":"wp","href":"https:\/\/api.w.org\/{rel}","templated":true}]}}