{"id":14033,"date":"2024-01-28T15:42:23","date_gmt":"2024-01-28T13:42:23","guid":{"rendered":"https:\/\/www.cinod.fr\/inicio\/"},"modified":"2025-12-22T20:14:53","modified_gmt":"2025-12-22T18:14:53","slug":"inicio","status":"publish","type":"page","link":"https:\/\/www.cinod.fr\/es\/","title":{"rendered":"Inicio"},"content":{"rendered":"<\/p>\n<p>Partagez et communiquez en temps r\u00e9el, vos patch micro, vos plans d&#8217;installation et d&#8217;implantation lumi\u00e8re, faites votre rep\u00e9rage technique et partager le avec un lien html ou sur WhatsApp.<\/p>\n<\/p>\n<p>Haz un recorrido por La Cigale de Par\u00eds<\/p>\n<\/p>\n<p>Visita el Auditorio de Radio France<\/p>\n<\/p>\n<p>en Boulogne-Billancourt, en la isla Seguin<\/p>\n<\/p>\n<p>Olimpia, lugar legendario donde los haya<\/p><\/p>\n","protected":false},"excerpt":{"rendered":"<p><div class=\"et_pb_module dsm_animated_gradient_text dsm_animated_gradient_text_0\">\n\t\t\t\t\n\t\t\t\t\n\t\t\t\t\n\t\t\t\t\n\t\t\t\t\n\t\t\t\t\n\t\t\t\t<div class=\"et_pb_module_inner\">\n\t\t\t\t\t<h2 class=\"dsm-animated-gradient-text et_pb_module_header\">Visitas virtuales de 360\u00b0 y mapas interactivos en 2D<\/h2>\n\t\t\t\t<\/div>\n\t\t\t<\/div><div class=\"et_pb_module dsm_perspective_image dsm_perspective_image_0 et_animated et-waypoint\">\n\t\t\t\t\n\t\t\t\t\n\t\t\t\t\n\t\t\t\t\n\t\t\t\t\n\t\t\t\t\n\t\t\t\t<div class=\"et_pb_module_inner\">\n\t\t\t\t\t<div class=\"dsm-perspective-image-wrapper et_always_center_on_mobile\">\n\t\t\t\t\n\t\t\t\t\n\t\t\t\t<a href=\"https:\/\/www.cinod.fr\/es\/lightstageplot\/\" class=\"\" data-dsm-lightbox-id=\"dsm_perspective_image_0\"><span class=\"et_pb_image_wrap has-box-shadow-overlay\"><div class=\"box-shadow-overlay\"><\/div><img decoding=\"async\" src=\"https:\/\/www.cinod.fr\/wordpress\/wp-content\/uploads\/2025\/03\/2025-03-20_12-01-10.png\" alt=\"trama esc\u00e9nica ligera\" title=\"2025-03-20_12-01-10\" \/><\/span><\/a>\n\t\t\t<\/div>\n\t\t\t\t<\/div>\n\t\t\t<\/div><div class=\"et_pb_module dsm_animated_gradient_text dsm_animated_gradient_text_1\">\n\t\t\t\t\n\t\t\t\t\n\t\t\t\t\n\t\t\t\t\n\t\t\t\t\n\t\t\t\t\n\t\t\t\t<div class=\"et_pb_module_inner\">\n\t\t\t\t\t<h2 class=\"dsm-animated-gradient-text et_pb_module_header\">Plan de Light Plan de Sc\u00e8ne, Croquis et Rep\u00e9rage<\/h2>\n\t\t\t\t<\/div>\n\t\t\t<\/div> Partagez et communiquez en temps r\u00e9el, vos patch micro, vos plans d&#8217;installation et d&#8217;implantation lumi\u00e8re, faites votre rep\u00e9rage technique et partager le avec un lien html ou sur WhatsApp. <div class=\"et_pb_module dsm_perspective_image dsm_perspective_image_1 et_animated et-waypoint\">\n\t\t\t\t\n\t\t\t\t\n\t\t\t\t\n\t\t\t\t\n\t\t\t\t\n\t\t\t\t\n\t\t\t\t<div class=\"et_pb_module_inner\">\n\t\t\t\t\t<div class=\"dsm-perspective-image-wrapper et_always_center_on_mobile\">\n\t\t\t\t\n\t\t\t\t\n\t\t\t\t<a href=\"https:\/\/www.cinod.fr\/es\/bookingtech-es\/\" class=\"\" data-dsm-lightbox-id=\"dsm_perspective_image_1\"><span class=\"et_pb_image_wrap has-box-shadow-overlay\"><div class=\"box-shadow-overlay\"><\/div><img decoding=\"async\" src=\"https:\/\/www.cinod.fr\/wordpress\/wp-content\/uploads\/2025\/03\/2025-03-20_12-01-37.png\" alt=\"bookingtech\" title=\"2025-03-20_12-01-37\" \/><\/span><\/a>\n\t\t\t<\/div>\n\t\t\t\t<\/div>\n\t\t\t<\/div><div class=\"et_pb_module dsm_animated_gradient_text dsm_animated_gradient_text_2\">\n\t\t\t\t\n\t\t\t\t\n\t\t\t\t\n\t\t\t\t\n\t\t\t\t\n\t\t\t\t\n\t\t\t\t<div class=\"et_pb_module_inner\">\n\t\t\t\t\t<h2 class=\"dsm-animated-gradient-text et_pb_module_header\">Reservas y gesti\u00f3n de equipos <\/h2>\n\t\t\t\t<\/div>\n\t\t\t<\/div><div class=\"et_pb_module dsm_advanced_tabs dsm_advanced_tabs_0\">\n\t\t\t\t\n\t\t\t\t\n\t\t\t\t\n\t\t\t\t\n\t\t\t\t\n\t\t\t\t\n\t\t\t\t<div class=\"et_pb_module_inner\">\n\t\t\t\t\t<div class=\"dsm-advanced-tabs-container\" data-trigger=\"click\" data-animation=\"fadeIn\" data-inner_animation=\"fadeIn\" data-deep_link=\"off\" data-image_lightbox=\"off\" data-auto_scroll_mobile=\"off\" data-anchor_link=\"off\">\n\t\t\t\t    <div class=\"dsm-advanced-tabs-wrapper\" role=\"tablist\" aria-label=En pocas palabras><\/div>\n\t\t\t\t <div class=\"dsm-advanced-tabs-content-wrapper\">\n\t\t\t\t    \n\t\t\t\t <\/div>\n\t\t     <\/div>\n\t\t    \n\t\t\t\t<\/div>\n\t\t\t<\/div><div class=\"dsm-advanced-tab-item-wrapper dsm_advanced_tabs_child_0\">\n\t\t\t\t<\/div>\n\t\t\t<\/p>\n","protected":false},"author":78,"featured_media":0,"parent":0,"menu_order":0,"comment_status":"closed","ping_status":"closed","template":"","meta":{"_bbp_topic_count":0,"_bbp_reply_count":0,"_bbp_total_topic_count":0,"_bbp_total_reply_count":0,"_bbp_voice_count":0,"_bbp_anonymous_reply_count":0,"_bbp_topic_count_hidden":0,"_bbp_reply_count_hidden":0,"_bbp_forum_subforum_count":0,"_et_pb_use_builder":"on","_et_pb_old_content":"","_et_gb_content_width":"","footnotes":""},"class_list":["post-14033","page","type-page","status-publish","hentry"],"_links":{"self":[{"href":"https:\/\/www.cinod.fr\/es\/wp-json\/wp\/v2\/pages\/14033","targetHints":{"allow":["GET"]}}],"collection":[{"href":"https:\/\/www.cinod.fr\/es\/wp-json\/wp\/v2\/pages"}],"about":[{"href":"https:\/\/www.cinod.fr\/es\/wp-json\/wp\/v2\/types\/page"}],"author":[{"embeddable":true,"href":"https:\/\/www.cinod.fr\/es\/wp-json\/wp\/v2\/users\/78"}],"replies":[{"embeddable":true,"href":"https:\/\/www.cinod.fr\/es\/wp-json\/wp\/v2\/comments?post=14033"}],"version-history":[{"count":4478,"href":"https:\/\/www.cinod.fr\/es\/wp-json\/wp\/v2\/pages\/14033\/revisions"}],"predecessor-version":[{"id":29462,"href":"https:\/\/www.cinod.fr\/es\/wp-json\/wp\/v2\/pages\/14033\/revisions\/29462"}],"wp:attachment":[{"href":"https:\/\/www.cinod.fr\/es\/wp-json\/wp\/v2\/media?parent=14033"}],"curies":[{"name":"wp","href":"https:\/\/api.w.org\/{rel}","templated":true}]}}