{"id":14134,"date":"2017-02-06T14:02:43","date_gmt":"2017-02-06T12:02:43","guid":{"rendered":"https:\/\/www.cinod.fr\/tarifas\/"},"modified":"2026-04-14T21:10:20","modified_gmt":"2026-04-14T19:10:20","slug":"tarifas","status":"publish","type":"page","link":"https:\/\/www.cinod.fr\/es\/tarifas\/","title":{"rendered":"Tarifas"},"content":{"rendered":"<h3>\u00a0Stage Plot\/Light Plot est une suite compl\u00e8te d\u2019outils de conception pour les professionnels du spectacle il comprend quatre applications :<\/h3>\n<p>1.<span>\u00a0<\/span><a href=\"https:\/\/www.cinod.fr\/lighteditor\/smaster2\/splans.php\"><strong>StagePlot<\/strong><\/a><span>\u00a0<\/span>: Permet la cr\u00e9ation et l\u2019\u00e9dition de plans de sc\u00e8ne en ligne, avec un patch int\u00e9gr\u00e9 la gestion des sous patch et une librairie d&#8217;infos technique des micros les plus utilis\u00e9s sur sc\u00e8ne.<\/p>\n<p>2.<span>\u00a0<\/span><a href=\"https:\/\/www.cinod.fr\/lighteditor\/smaster2\/dplans.php\"><strong>Sketch<\/strong><\/a><span> (croquis)<\/span>:\u00a0Concevez des plans \u00e0 l&#8217;\u00e9chelle personnalis\u00e9e en important des images de fond comme des plans de grill, permettant d&#8217;ajouter pr\u00e9cis\u00e9ment des projecteurs et des instruments de musique avec une totale flexibilit\u00e9<\/p>\n<p>3.<span>\u00a0<\/span><a href=\"https:\/\/www.cinod.fr\/lighteditor\/smaster\/lplans.php\"><strong>LightPlot<\/strong><\/a><span>\u00a0<\/span>: Une application pour dessiner des implantations lumi\u00e8re sur des grills personnalis\u00e9s ou existants de salles enregistr\u00e9es dans cinod.<br \/>Enregistrer sa salle est gratuit contactez nous ci besoin.<\/p>\n<p>4. <strong><a href=\"https:\/\/www.cinod.fr\/lighteditor\/smaster2\/visits.php\">Les rep\u00e9rages techniques<\/a><\/strong> (ou &#8220;Visits&#8221;) Un plan (import\u00e9 ou dessin\u00e9) des photos et des fl\u00e8ches que vous placez pour mat\u00e9rialiser votre position lors de la prise de vue. Les photos sont annotables<\/p>\n<p>L\u2019abonnement donne un acc\u00e8s illimit\u00e9 \u00e0 ces outils, permettant aux utilisateurs de :<\/p>\n<p>\u2013 Cr\u00e9er et modifier jusqu&#8217;\u00e0 100\u00a0 plans pendant la dur\u00e9e de l\u2019abonnement\u00a0 (20 Visits)<br \/>\u2013 Acc\u00e9der \u00e0 toutes les fonctionnalit\u00e9s de cr\u00e9ation et de mise \u00e0 jour sans restriction.<\/p>\n<p>&nbsp;<\/p>\n<p><strong>Une fois votre p\u00e9riode d\u2019abonnement termin\u00e9e :<\/strong><\/p>\n<p>\u2013 Vous conservez un acc\u00e8s permanent \u00e0 tous les plans que vous avez cr\u00e9\u00e9,<br \/>\u2013 Vous pouvez continuer \u00e0 visualiser et \u00e0 utiliser vos plans existants.<br \/>\u2013 Cependant, la possibilit\u00e9 de modifier ces plans ou d\u2019en cr\u00e9er de nouveaux sera suspendue jusqu\u2019au renouvellement de votre abonnement.<\/p>\n<p>&#8212; Concernant le &#8220;Visits&#8221; elles sont visibles que si le compte est actif.<\/p>\n<p>Une fois que vous \u00eates connect\u00e9 (Signin puis Login) Cliquer ici pour vous abonner<\/p>\n","protected":false},"excerpt":{"rendered":"<p>\u00a0Stage Plot\/Light Plot est une suite compl\u00e8te d\u2019outils de conception pour les professionnels du spectacle il comprend quatre applications : 1.\u00a0StagePlot\u00a0: Permet la cr\u00e9ation et l\u2019\u00e9dition de plans de sc\u00e8ne en ligne, avec un patch int\u00e9gr\u00e9 la gestion des sous patch et une librairie d&#8217;infos technique des micros les plus utilis\u00e9s sur sc\u00e8ne. 2.\u00a0Sketch (croquis):\u00a0Concevez des plans \u00e0 l&#8217;\u00e9chelle personnalis\u00e9e en important des images de fond comme des plans de grill, permettant d&#8217;ajouter pr\u00e9cis\u00e9ment des projecteurs et des instruments de musique avec une totale flexibilit\u00e9 3.\u00a0LightPlot\u00a0: Une application pour dessiner des implantations lumi\u00e8re sur des grills personnalis\u00e9s ou existants de salles enregistr\u00e9es dans cinod.Enregistrer sa salle est gratuit contactez nous ci besoin. 4. Les rep\u00e9rages techniques (ou &#8220;Visits&#8221;) Un plan (import\u00e9 ou dessin\u00e9) des photos et des fl\u00e8ches que vous placez pour mat\u00e9rialiser votre position lors de la prise de vue. Les photos sont annotables L\u2019abonnement donne un acc\u00e8s illimit\u00e9 \u00e0 ces outils, permettant aux utilisateurs de : \u2013 Cr\u00e9er et modifier jusqu&#8217;\u00e0 100\u00a0 plans pendant la dur\u00e9e de l\u2019abonnement\u00a0 (20 Visits)\u2013 Acc\u00e9der \u00e0 toutes les fonctionnalit\u00e9s de cr\u00e9ation et de mise \u00e0 jour sans restriction. &nbsp; Une fois votre p\u00e9riode d\u2019abonnement termin\u00e9e : \u2013 Vous conservez un acc\u00e8s permanent [&hellip;]<\/p>\n","protected":false},"author":78,"featured_media":0,"parent":0,"menu_order":0,"comment_status":"closed","ping_status":"closed","template":"","meta":{"_bbp_topic_count":0,"_bbp_reply_count":0,"_bbp_total_topic_count":0,"_bbp_total_reply_count":0,"_bbp_voice_count":0,"_bbp_anonymous_reply_count":0,"_bbp_topic_count_hidden":0,"_bbp_reply_count_hidden":0,"_bbp_forum_subforum_count":0,"_et_pb_use_builder":"on","_et_pb_old_content":"","_et_gb_content_width":"","footnotes":""},"class_list":["post-14134","page","type-page","status-publish","hentry"],"_links":{"self":[{"href":"https:\/\/www.cinod.fr\/es\/wp-json\/wp\/v2\/pages\/14134","targetHints":{"allow":["GET"]}}],"collection":[{"href":"https:\/\/www.cinod.fr\/es\/wp-json\/wp\/v2\/pages"}],"about":[{"href":"https:\/\/www.cinod.fr\/es\/wp-json\/wp\/v2\/types\/page"}],"author":[{"embeddable":true,"href":"https:\/\/www.cinod.fr\/es\/wp-json\/wp\/v2\/users\/78"}],"replies":[{"embeddable":true,"href":"https:\/\/www.cinod.fr\/es\/wp-json\/wp\/v2\/comments?post=14134"}],"version-history":[{"count":234,"href":"https:\/\/www.cinod.fr\/es\/wp-json\/wp\/v2\/pages\/14134\/revisions"}],"predecessor-version":[{"id":31220,"href":"https:\/\/www.cinod.fr\/es\/wp-json\/wp\/v2\/pages\/14134\/revisions\/31220"}],"wp:attachment":[{"href":"https:\/\/www.cinod.fr\/es\/wp-json\/wp\/v2\/media?parent=14134"}],"curies":[{"name":"wp","href":"https:\/\/api.w.org\/{rel}","templated":true}]}}