{"id":14516,"date":"2024-02-15T20:47:09","date_gmt":"2024-02-15T18:47:09","guid":{"rendered":"https:\/\/www.cinod.fr\/cinod-sobre-l-acoustics-es-muy-recomendable\/"},"modified":"2026-04-12T02:49:35","modified_gmt":"2026-04-12T00:49:35","slug":"cinod-sobre-l-acoustics-es-muy-recomendable","status":"publish","type":"page","link":"https:\/\/www.cinod.fr\/es\/cinod-sobre-l-acoustics-es-muy-recomendable\/","title":{"rendered":"Cinod sobre L.Acoustics es muy recomendable"},"content":{"rendered":"<p><span style=\"color: #ffffff\">Cinod sobre <a href=\"https:\/\/www.l-acoustics.com\/\" style=\"color: #ffffff\" rel=\"nofollow noopener\" target=\"_blank\">L.Acoustics<\/a><\/span><\/p>\n<p><strong>Selecciona el tipo de equipo, por tipo<\/strong>: A, o X o K etc .<\/p>\n<p>Entonces, en la parte superior de las columnas puedes leer: <strong>4 para el amplificador LA4<\/strong>, 4x para el LA4X, etc&#8230; y as\u00ed el n\u00famero m\u00e1ximo de kara que se pueden utilizar por amplificador.<\/p>\n<p><strong>Al seleccionar KARAII en la primera columna<\/strong>, se abren los detalles siguientes, con los amplificadores por Salida y en total<\/p>\n<p>&nbsp;<\/p>\n<p><strong>Altavoz activo\/pasivo, ancho de banda, directividad, peso del altavoz<\/strong><\/p>\n<p>Y para especificar el n\u00famero de Kara por salida\/n\u00famero de Kara utilizables en total en este amplificador, por ejemplo aqu\u00ed con el LA4X son 2 por salida y 4 en total (siendo el Kara un altavoz activo de 2 v\u00edas).<\/p>\n<ol data-sourcepos=\"3:1-3:82\">\n<ol data-sourcepos=\"3:1-3:82\">\n<li data-sourcepos=\"3:1-3:82\"><strong>Visita<\/strong><span> la lista de preajustes en la aplicaci\u00f3n<\/span><\/li>\n<li data-sourcepos=\"3:1-3:82\"><strong>Nota<\/strong><span> el n\u00famero de la preselecci\u00f3n deseada.<\/span><\/li>\n<li data-sourcepos=\"3:1-3:82\"><strong>Gira<\/strong><span> la rueda del amplificador para seleccionar el n\u00famero.<\/span><\/li>\n<li data-sourcepos=\"3:1-3:82\"><strong>Confirma<\/strong><span> la carga<\/span><\/li>\n<li data-sourcepos=\"3:1-3:82\"><strong>Consulta<\/strong><span> los par\u00e1metros del preajuste cargado.<br \/><\/span> <span style=\"color: #993300\">Es m\u00e1s r\u00e1pido que desplazarse por los preajustes uno a uno.<\/span><\/li>\n<\/ol>\n<\/ol>\n<p>&nbsp;<\/p>\n<p>A 2\/3 de la sala, <strong>mide la distancia al sistema<\/strong> y luego al Subwofer. Introduce los 2 valores en A y B <br \/><strong>Consulta los valores de prealineaci\u00f3n<\/strong> seg\u00fan tu configuraci\u00f3n<br \/><strong>Introduce el valor en ms<\/strong> en la casilla &#8220;Sistema&#8221; o &#8220;Sb&#8221;, y luego <span style=\"text-decoration: underline\"><span style=\"color: #000000;text-decoration: underline\">calcula<\/span><\/span><br \/><span style=\"color: #ff0000\">Si el Sub es rojo, recuerda invertir su Fase<\/span><\/p>\n<p>Aqu\u00ed tienes algunos conceptos te\u00f3ricos que debes conocer sobre la <strong>impedancia, la potencia del amplificador y la secci\u00f3n transversal de los cables de los altavoces<\/strong> que debes utilizar, en funci\u00f3n de la longitud necesaria.<\/p>\n<p>A modo de recordatorio, aqu\u00ed tienes los distintos montajes posibles para una configuraci\u00f3n Sub cardioide.<\/p>\n<h2><img decoding=\"async\" src=\"https:\/\/www.cinod.fr\/wordpress\/wp-content\/themes\/Divi\/includes\/builder\/frontend-builder\/assets\/vendors\/plugins\/emoticons\/img\/smiley-cool.gif\" alt=\"genial\" title=\"\"> <a href=\"https:\/\/www.cinod.fr\/lightstageplot-stageplot-lightplot-sketch\/\">LightStagePlot<\/a> crea tu Plano de Escenario y Plano de Luces online y ed\u00edtalos en directo<\/h2>\n<h2><img decoding=\"async\" src=\"https:\/\/www.cinod.fr\/wordpress\/wp-content\/themes\/Divi\/includes\/builder\/frontend-builder\/assets\/vendors\/plugins\/emoticons\/img\/smiley-cool.gif\" alt=\"genial\" title=\"\"> <a href=\"https:\/\/cinod.fr\/bookingtech-2\/\" rel=\"nofollow noopener\" target=\"_blank\">BookingTech<\/a> reserva tus equipos en 2 clics y comunica la informaci\u00f3n a todos, en tiempo real<\/h2>\n","protected":false},"excerpt":{"rendered":"<p><div class=\"et_pb_module dsm_animated_gradient_text dsm_animated_gradient_text_0\">\n\t\t\t\t\n\t\t\t\t\n\t\t\t\t\n\t\t\t\t\n\t\t\t\t\n\t\t\t\t\n\t\t\t\t<div class=\"et_pb_module_inner\">\n\t\t\t\t\t<h2 class=\"dsm-animated-gradient-text et_pb_module_header\">Cinod sobre L.Acoustics Como t\u00e9cnico o vendedor que trabaja con equipos de L.Acoustics, es esencial que consultes regularmente la \"Gu\u00eda de preajuste\". Esta gu\u00eda proporciona informaci\u00f3n valiosa sobre c\u00f3mo aprovechar al m\u00e1ximo tu equipo. <\/h2>\n\t\t\t\t<\/div>\n\t\t\t<\/div>Cinod sobre L.AcousticsSelecciona el tipo de equipo, por tipo: A, o X o K etc . Entonces, en la parte superior de las columnas puedes leer: 4 para el amplificador LA4, 4x para el LA4X, etc&#8230; y as\u00ed el n\u00famero m\u00e1ximo de kara que se pueden utilizar por amplificador. Al seleccionar KARAII en la primera columna, se abren los detalles siguientes, con los amplificadores por Salida y en total &nbsp;<div class=\"et_pb_with_border et_pb_module dsm_text_badges dsm_text_badges_0  et_pb_bg_layout_light\">\n\t\t\t\t\n\t\t\t\t\n\t\t\t\t\n\t\t\t\t\n\t\t\t\t\n\t\t\t\t\n\t\t\t\t<div class=\"et_pb_module_inner\">\n\t\t\t\t\t<h4 class=\"dsm-text-badges et_pb_module_header\"><span class=\"dsm-text-badges-main\">Toda esta informaci\u00f3n procede exclusivamente de la documentaci\u00f3n y del <\/span><span class=\"dsm-badges dsm-badges-after\">\"Gu\u00eda de preajustes\" de L.Acoustics<\/span><\/h4>\n\t\t\t\t<\/div>\n\t\t\t<\/div>Altavoz activo\/pasivo, ancho de banda, directividad, peso del altavoz Y para especificar el n\u00famero de Kara por salida\/n\u00famero de Kara utilizables en total en este amplificador, por ejemplo aqu\u00ed con el LA4X son 2 por salida y 4 en total (siendo el Kara un altavoz activo de 2 v\u00edas). Visita la lista de preajustes en la aplicaci\u00f3n Nota el n\u00famero de la preselecci\u00f3n [&hellip;]<\/p>\n","protected":false},"author":78,"featured_media":0,"parent":0,"menu_order":0,"comment_status":"closed","ping_status":"closed","template":"","meta":{"_bbp_topic_count":0,"_bbp_reply_count":0,"_bbp_total_topic_count":0,"_bbp_total_reply_count":0,"_bbp_voice_count":0,"_bbp_anonymous_reply_count":0,"_bbp_topic_count_hidden":0,"_bbp_reply_count_hidden":0,"_bbp_forum_subforum_count":0,"_et_pb_use_builder":"on","_et_pb_old_content":"","_et_gb_content_width":"","footnotes":""},"class_list":["post-14516","page","type-page","status-publish","hentry"],"_links":{"self":[{"href":"https:\/\/www.cinod.fr\/es\/wp-json\/wp\/v2\/pages\/14516","targetHints":{"allow":["GET"]}}],"collection":[{"href":"https:\/\/www.cinod.fr\/es\/wp-json\/wp\/v2\/pages"}],"about":[{"href":"https:\/\/www.cinod.fr\/es\/wp-json\/wp\/v2\/types\/page"}],"author":[{"embeddable":true,"href":"https:\/\/www.cinod.fr\/es\/wp-json\/wp\/v2\/users\/78"}],"replies":[{"embeddable":true,"href":"https:\/\/www.cinod.fr\/es\/wp-json\/wp\/v2\/comments?post=14516"}],"version-history":[{"count":99,"href":"https:\/\/www.cinod.fr\/es\/wp-json\/wp\/v2\/pages\/14516\/revisions"}],"predecessor-version":[{"id":31199,"href":"https:\/\/www.cinod.fr\/es\/wp-json\/wp\/v2\/pages\/14516\/revisions\/31199"}],"wp:attachment":[{"href":"https:\/\/www.cinod.fr\/es\/wp-json\/wp\/v2\/media?parent=14516"}],"curies":[{"name":"wp","href":"https:\/\/api.w.org\/{rel}","templated":true}]}}